{"id":658,"date":"2025-06-11T22:43:18","date_gmt":"2025-06-11T20:43:18","guid":{"rendered":"https:\/\/www.xn--haspo-sportgerte-8nb.de\/?page_id=658"},"modified":"2025-07-02T22:19:24","modified_gmt":"2025-07-02T20:19:24","slug":"unser-unternehmen","status":"publish","type":"page","link":"https:\/\/www.xn--haspo-sportgerte-8nb.de\/en\/unser-unternehmen\/","title":{"rendered":"Unser Unternehmen"},"content":{"rendered":"<h1>Company<\/h1>\n\t<p>Sports equipment made in Germany.<\/p>\n\t<h2>Welcome to the world of sports<\/h2>\n<p><strong><strong>Sports equipment made in Germany<\/strong><\/strong><\/p>\nDie Firma Haspo Sportger\u00e4te wurde von G\u00fcnter Lawes<br \/>\nzusammen mit einem Partner am 01.01.1976 gegr\u00fcndet.<br \/>\nGearbeitet wurde zusammen mit drei Mitarbeitern auf einer<br \/>\nangemieteten Produktionsfl\u00e4che.\nAufgrund eines stetig gestiegenen Platzbedarfs wurde der<br \/>\nEntschluss zum Bau einer eigenen Produktionsst\u00e4tte getroffen.<br \/>\nIm Fr\u00fchjahr 1979 wurde ein Grundst\u00fcck im Johannisweg im Ort Rh\u00fcden erworben. Die Fertigstellung der Produktionsst\u00e4tte erfolgte im Juni 1980.\nSteffan Lawes, Sohn des Firmengr\u00fcnders, nahm seine T\u00e4tigkeit<br \/>\nam 01.01.1997 auf. Seit dem 01.01.2009 ist er alleiniger<br \/>\ngesch\u00e4ftsf\u00fchrender Gesellschafter.\n\t\t\t\t<img loading=\"lazy\" decoding=\"async\" src=\"https:\/\/www.xn--haspo-sportgerte-8nb.de\/wp-content\/uploads\/tor_rechts.jpg\" alt=\"tor_rechts\" itemprop=\"image\" height=\"991\" width=\"756\" title=\"tor_rechts\" onerror=\"this.style.display='none'\"  \/>","protected":false},"excerpt":{"rendered":"<p>Unternehmen Sportger\u00e4te produziert in Deutschland. Willkommen in der Welt des Sports Sportger\u00e4te produziert in Deutschland Die Firma Haspo Sportger\u00e4te wurde von G\u00fcnter Lawes zusammen mit einem Partner am 01.01.1976 gegr\u00fcndet. Gearbeitet wurde zusammen mit drei Mitarbeitern auf einer angemieteten Produktionsfl\u00e4che. Aufgrund eines stetig gestiegenen Platzbedarfs wurde der Entschluss zum Bau einer eigenen Produktionsst\u00e4tte getroffen. Im&hellip;<\/p>","protected":false},"author":1,"featured_media":0,"parent":0,"menu_order":0,"comment_status":"closed","ping_status":"closed","template":"","meta":{"footnotes":""},"class_list":["post-658","page","type-page","status-publish","hentry"],"_links":{"self":[{"href":"https:\/\/www.xn--haspo-sportgerte-8nb.de\/en\/wp-json\/wp\/v2\/pages\/658","targetHints":{"allow":["GET"]}}],"collection":[{"href":"https:\/\/www.xn--haspo-sportgerte-8nb.de\/en\/wp-json\/wp\/v2\/pages"}],"about":[{"href":"https:\/\/www.xn--haspo-sportgerte-8nb.de\/en\/wp-json\/wp\/v2\/types\/page"}],"author":[{"embeddable":true,"href":"https:\/\/www.xn--haspo-sportgerte-8nb.de\/en\/wp-json\/wp\/v2\/users\/1"}],"replies":[{"embeddable":true,"href":"https:\/\/www.xn--haspo-sportgerte-8nb.de\/en\/wp-json\/wp\/v2\/comments?post=658"}],"version-history":[{"count":2,"href":"https:\/\/www.xn--haspo-sportgerte-8nb.de\/en\/wp-json\/wp\/v2\/pages\/658\/revisions"}],"predecessor-version":[{"id":678,"href":"https:\/\/www.xn--haspo-sportgerte-8nb.de\/en\/wp-json\/wp\/v2\/pages\/658\/revisions\/678"}],"wp:attachment":[{"href":"https:\/\/www.xn--haspo-sportgerte-8nb.de\/en\/wp-json\/wp\/v2\/media?parent=658"}],"curies":[{"name":"wp","href":"https:\/\/api.w.org\/{rel}","templated":true}]}}