{"id":568,"date":"2023-06-17T14:20:30","date_gmt":"2023-06-17T12:20:30","guid":{"rendered":"https:\/\/www.xn--haspo-sportgerte-8nb.de\/?page_id=568"},"modified":"2025-07-02T08:05:50","modified_gmt":"2025-07-02T06:05:50","slug":"bluegoal","status":"publish","type":"page","link":"https:\/\/www.xn--haspo-sportgerte-8nb.de\/en\/bluegoal\/","title":{"rendered":"BlueGoal"},"content":{"rendered":"<h1>Haspo BlueGoal &#8211; <h3>made of aluminium with a certifled low carbon footprint!<\/h3><\/h1>\n\n\t<p>Not only is the importance of high-quality and durable products constantly increasing, but also the awareness of sustainability and responsibility towards our environment. With the BlueGoal product line, we have successfully managed to combine the current requirements of quality, resource conservation and emission reduction.<\/p>\n<p>What is particularly noteworthy is the use of aluminium with a certified low carbon footprint for all goal frame profiles in the BlueGoal product line. The aluminium bolts used to manufacture these goal profiles produced 75 % less CO2 emissions in the process (compared to the global average). This is achieved through the use of renewable energy sources such as hydroelectric power as well as highly efficient electrolysis technology. From bauxite mining (raw material for aluminium) and the production of aluminium to aluminium production and casting, every step of the value chain gets taken into account. The result is aluminium with one of the best carbon footprints available today. The BlueGoal product line no longer uses pure primary aluminium for the production of further components such as net hoops and net hoop struts, but resource-saving raw material from recycled material cycles with an average recycling rate of 34 %.<\/p>\nZum Lieferumfang der Minitore innerhalb der Produktlinie<br \/>\nBlueGoal geh\u00f6ren auch besondere Netze, welche zu 100% aus recyceltem Polyester bestehen (z. B. aus Fasern recycelter PET-Flaschen). F\u00fcr die 5,00 x 2,00 m und 3,00 x 2,00m Tore stehen im Sportfachhandel \u00e4hnliche Netze zur Verf\u00fcgung.\nUm die Lieferwege so kurz wie m\u00f6glich zu halten, lassen wir<br \/>\nunsere Aluminiumprofile der Produktlinie BlueGoal ausschlie\u00dflich von deutschen Presswerken herstellen, wodurch eine weitere Reduktion von unn\u00f6tigen Emissionen durch Transport und Logistik erreicht wird.\n\t<p>In order to keep the emissions generated during the transport of the finished product at the lowest possible level, the BlueGoal product line consists exclusively of goals with dismountable components. In contrast to fully welded goals, whose transport is significantly more difficult due to their format and size, dismountable goals make a contribution to reducing emissions and costs through more efficient transport options. Due to the lower volume, significantly more goals fit on a truck than with fully welded goals. In terms of sustainability, dismountable goals offer another major advantage: In the event of damage or if a spare part is required, only the respective component needs to be replaced and not the entire goal, as is sometimes unavoidable with fully welded goals. The dispatch and exchange of spare parts is simple, fast and also characterised by the idea of sustainability, since essentially, there is a permanent availability of spare parts. <\/p>\n<p>For all goals in the BlueGoal product line, we have very consciously decided to use exclusively press-finished aluminium profiles instead of the sometimes common anodised surfaces. This surface finishing is based on an extremely energy-intensive process which involves additional transport routes. Since it is primarily used for visual purposes, we have consequently dispensed with it for this product line. <\/p>\n<p>The sustainability concept of the BlueGoal product line is completed by the use of recycled or recyclable shipping and packaging materials. <\/p>\n<p>At our production site, we only use green electricity that comes from 100 % from renewable energy sources such as wind and hydroelectric power. <\/p>\n<p>All products are certified according to EN 748 or EN 16579.<\/p>","protected":false},"excerpt":{"rendered":"<p>Haspo BlueGoal &#8211; aus Aluminium mit zertifiziert niedrigem CO2-Fu\u00dfabdruck! Nicht nur die Bedeutung qualitativ hochwertiger und langlebiger Produkte nimmt stetig zu, sondern auch das Bewusstsein f\u00fcr Nachhaltigkeit und Verantwortung gegen\u00fcber unserer Umwelt. Mit der Produktlinie BlueGoal ist es uns erfolgreich gelungen, die zeitgem\u00e4\u00dfen Anforderungen an Qualit\u00e4t, Ressourcenschonung und Emissionsreduktion miteinander zu vereinen. Besonders hervorzuheben ist&hellip;<\/p>","protected":false},"author":1,"featured_media":0,"parent":0,"menu_order":0,"comment_status":"closed","ping_status":"closed","template":"","meta":{"footnotes":""},"class_list":["post-568","page","type-page","status-publish","hentry"],"_links":{"self":[{"href":"https:\/\/www.xn--haspo-sportgerte-8nb.de\/en\/wp-json\/wp\/v2\/pages\/568","targetHints":{"allow":["GET"]}}],"collection":[{"href":"https:\/\/www.xn--haspo-sportgerte-8nb.de\/en\/wp-json\/wp\/v2\/pages"}],"about":[{"href":"https:\/\/www.xn--haspo-sportgerte-8nb.de\/en\/wp-json\/wp\/v2\/types\/page"}],"author":[{"embeddable":true,"href":"https:\/\/www.xn--haspo-sportgerte-8nb.de\/en\/wp-json\/wp\/v2\/users\/1"}],"replies":[{"embeddable":true,"href":"https:\/\/www.xn--haspo-sportgerte-8nb.de\/en\/wp-json\/wp\/v2\/comments?post=568"}],"version-history":[{"count":52,"href":"https:\/\/www.xn--haspo-sportgerte-8nb.de\/en\/wp-json\/wp\/v2\/pages\/568\/revisions"}],"predecessor-version":[{"id":675,"href":"https:\/\/www.xn--haspo-sportgerte-8nb.de\/en\/wp-json\/wp\/v2\/pages\/568\/revisions\/675"}],"wp:attachment":[{"href":"https:\/\/www.xn--haspo-sportgerte-8nb.de\/en\/wp-json\/wp\/v2\/media?parent=568"}],"curies":[{"name":"wp","href":"https:\/\/api.w.org\/{rel}","templated":true}]}}