{"id":49,"date":"2021-04-18T18:36:16","date_gmt":"2021-04-18T16:36:16","guid":{"rendered":"https:\/\/www.xn--haspo-sportgerte-8nb.de\/?page_id=49"},"modified":"2021-04-20T18:48:06","modified_gmt":"2021-04-20T16:48:06","slug":"datenschutz","status":"publish","type":"page","link":"https:\/\/www.xn--haspo-sportgerte-8nb.de\/en\/datenschutz\/","title":{"rendered":"Privacy"},"content":{"rendered":"<h1>Privacy <\/h1>\n<h2>Datenschutz auf einen Blick<\/h2>\n<strong>Allgemeine Hinweise<\/strong><br \/>\nDer Schutz Ihrer Privatsph\u00e4re sowie der Schutz Ihrer pers\u00f6nlichen Angaben ist uns ein wichtiges Anliegen. Wir behandeln Ihre personenbezogenen Daten vertraulich und entsprechend der gesetzlichen Datenschutzvorschriften sowie dieser Datenschutzerkl\u00e4rung.\n<p>Wenn Sie diese Website benutzen, werden verschiedene personenbezogene Daten erhoben. Personenbezogene Daten sind Daten, mit denen Sie pers\u00f6nlich identifiziert werden k\u00f6nnen. Hierunter fallen z.B. Name, Post- oder E-Mail-Adresse einer Person, allerdings auch die Angabe, wann diese Person sich welche Seite angesehen hat. Die vorliegende Datenschutzerkl\u00e4rung erl\u00e4utert, welche Daten wir erheben und wof\u00fcr wir sie nutzen. Sie erl\u00e4utert auch, wie und zu welchem Zweck das geschieht.<\/p>\n<p>Wir weisen darauf hin, dass die Daten\u00fcbertragung im Internet (z.B. bei der Kommunikation per E-Mail) Sicherheitsl\u00fccken aufweisen kann. Ein l\u00fcckenloser Schutz der Daten vor dem Zugriff durch Dritte ist nicht m\u00f6glich.<\/p>\n<strong>Wer ist f\u00fcr die Datenverarbeitung verantwortlich?<\/strong><br \/>\nVerantwortlicher im Sinne des Datenschutzrechts ist die\nHaspo Sportger\u00e4te GmbH &amp; Co. KG<br \/>\nJohannisweg 23\/25,<br \/>\n38723 Seesen-Rh\u00fcden\n<p>Weitere Informationen zu unserem Unternehmen, insbesondere Angaben zu den vertretungsberechtigten Personen und zus\u00e4tzliche Kontaktm\u00f6glichkeiten finden Sie im Impressum unserer Internetseite:<\/p>\n<p>https:\/\/www.haspo-sportgeraete.de\/impressum<\/p>\n<strong>Werden Dritte in die Datenverarbeitung mit einbezogen?<\/strong><br \/>\nZur Bereitstellung unserer Website nutzen wir eine Dienstleistung eines Webhosters. Dieser Webhoster ist jedoch nicht f\u00fcr die Datenverarbeitung verantwortlich, sondern ist als Auftragnehmer f\u00fcr uns t\u00e4tig und verarbeitet personenbezogene Daten lediglich auf unsere Weisung hin. Das Gesetz bezeichnet einen solchen Dienstleister als Auftragsverarbeiter. Die Verarbeitung personenbezogener Daten durch den Webhoster erfolgt gem\u00e4\u00df den Anforderungen nach Artikel 28 DSGVO.\n<p>Eventuell werden Ihre Daten an weitere Dritte \u00fcbermittelt. Die Details entnehmen Sie bitte dieser Datenschutzerkl\u00e4rung.<\/p>\n<h2>Welche Daten erheben wir und zu welchem Zweck<\/h2>\n<strong>Zugriff auf die Website, Zugriff auf Dateien<\/strong><br \/>\nSie k\u00f6nnen unsere Website grunds\u00e4tzlich besuchen, ohne Angaben zu Ihrer Person zu machen.\n<p>Wenn Sie unsere Website besuchen und sich eine einzelne Seite anschauen, rufen Sie jeweils einzelne Dateien, aus denen diese Seite besteht, ab. Der Abruf dieser Dateien wird in einer Protokolldatei (eine einfache Textdatei), dem sogenannten Server-Logfile, gespeichert, die jeweils folgende Informationen f\u00fcr den einzelnen Abruf enth\u00e4lt:<\/p>\n<ul>\n<li>Die IP-Adresse Ihres Computers, der die Datei abgerufen hat;<\/li>\n<li>Datum und Uhrzeit des Abrufes;<\/li>\n<li>Name der Datei, die abgerufen wurde;<\/li>\n<li>Status der \u00dcbermittlung (erfolgreich oder abgebrochen);<\/li>\n<li>von welcher Seite die Datei urspr\u00fcnglich angefordert wurde und<\/li>\n<li>mit welchem Browser, Betriebssystem und welcher Oberfl\u00e4che die Datei angefordert wurde.<\/li>\n<\/ul>\n<p>Es handelt sich hier um eine typische technische Aufzeichnung, die quasi jeder Webserver vornimmt.<\/p>\n<p>Diese Protokollierung verwenden wir, um technische Fehler unserer Website erkennen und beheben zu k\u00f6nnen, letztlich also, um die Qualit\u00e4t unserer Website in technischer Hinsicht zu verbessern. Die Daten werden wir aber auch verwenden, um eine missbr\u00e4uchliche Nutzung unserer Website aufzudecken und sie zuk\u00fcnftig zu verhindern. Daneben behalten wir uns die statistische Auswertung anonymisierter Datens\u00e4tze dieser Protokolldatei vor, um unser Websiteangebot zu verbessern. Rechtsgrundlage dieser Verarbeitung ist Art. 6 Abs. 1 lit. f) DSGVO; unsere berechtigten Interessen: Gew\u00e4hrleistung der Sicherheit und des Betriebs der Website, Bedarfsgerechte Gestaltung der Website und Verhinderung von Missbrauch, Aufkl\u00e4rung von Straftaten, soweit nicht ausschlie\u00dflich zur Erf\u00fcllung gesetzlicher Vorgaben.<\/p>\n<p>Wir werden die in dieser Protokolldatei gespeicherten Daten weder personenbezogen nutzen noch mit anderen Datenquellen zusammenf\u00fchren.<\/p>\n<p>Die L\u00f6schung der in der Log-Datei erfassten Daten erfolgt sp\u00e4testens nach 4 Wochen.<\/p>\n<strong>Datensicherheit im Internet<\/strong><br \/>\nWir sind um alle notwendigen technischen und organisatorischen Sicherheitsma\u00dfnahmen bem\u00fcht, um Ihre personenbezogenen Daten so zu speichern, dass sie weder Dritten noch der \u00d6ffentlichkeit zug\u00e4nglich sind. Sollten Sie mit uns per E-Mail in Kontakt treten wollen, beachten Sie bitte, dass bei diesem Kommunikationsweg die Vertraulichkeit der \u00fcbermittelten Informationen nicht vollst\u00e4ndig gew\u00e4hrleistet werden kann. Wir empfehlen Ihnen daher, uns vertrauliche Informationen ausschlie\u00dflich \u00fcber den Postweg zukommen zu lassen.\n<strong>Cookies<\/strong><br \/>\nUnsere Website verwenden teilweise so genannte Cookies. Cookies richten auf Ihrem Rechner keinen Schaden an und enthalten keine Viren. Cookies dienen dazu, unser Angebot nutzerfreundlicher, effektiver und sicherer zu machen. Cookies sind kleine Textdateien, die auf Ihrem Rechner abgelegt werden und die Ihr Browser speichert.\n<p>Die meisten der von uns verwendeten Cookies sind so genannte \u201eSession-Cookies\u201c. Sie werden nach Ende Ihres Besuchs automatisch gel\u00f6scht. Andere Cookies bleiben auf Ihrem Endger\u00e4t gespeichert bis Sie diese l\u00f6schen. Diese Cookies erm\u00f6glichen es uns, Ihren Browser beim n\u00e4chsten Besuch wiederzuerkennen.<\/p>\n<p>Sie k\u00f6nnen Ihren Browser so einstellen, dass Sie \u00fcber das Setzen von Cookies informiert werden und Cookies nur im Einzelfall erlauben, die Annahme von Cookies f\u00fcr bestimmte F\u00e4lle oder generell ausschlie\u00dfen sowie das automatische L\u00f6schen der Cookies beim Schlie\u00dfen des Browsers aktivieren. Bei der Deaktivierung von Cookies kann die Funktionalit\u00e4t dieser Website eingeschr\u00e4nkt sein.<\/p>\n<p>Cookies, die zur Durchf\u00fchrung des elektronischen Kommunikationsvorgangs oder zur Bereitstellung bestimmter, von Ihnen erw\u00fcnschter Funktionen erforderlich sind, werden auf Grundlage von Art. 6 Abs. 1 lit. f DSGVO gespeichert. Der Websitebetreiber hat ein berechtigtes Interesse an der Speicherung von Cookies zur technisch fehlerfreien und optimierten Bereitstellung seiner Dienste. Soweit andere Cookies (z.B. Cookies zur Analyse Ihres Surfverhaltens) gespeichert werden, werden diese in dieser Datenschutzerkl\u00e4rung gesondert behandelt.<\/p>\n<strong>Kontaktformular<\/strong><br \/>\nWenn Sie uns per Kontaktformular Anfragen zukommen lassen, werden Ihre Angaben aus dem Anfrageformular inklusive der von Ihnen dort angegebenen Kontaktdaten zwecks Bearbeitung der Anfrage und f\u00fcr den Fall von Anschlussfragen bei uns gespeichert. Diese Daten geben wir nicht ohne Ihre Einwilligung weiter.\n<p>Die Verarbeitung der in das Kontaktformular eingegebenen Daten erfolgt somit ausschlie\u00dflich auf Grundlage Ihrer Einwilligung (Art. 6 Abs. 1 lit. a DSGVO). Sie k\u00f6nnen diese Einwilligung jederzeit widerrufen. Dazu reicht eine formlose Mitteilung per E-Mail an uns. Die Rechtm\u00e4\u00dfigkeit der bis zum Widerruf erfolgten Datenverarbeitungsvorg\u00e4nge bleibt vom Widerruf unber\u00fchrt.<\/p>\n<p>Die von Ihnen im Kontaktformular eingegebenen Daten verbleiben bei uns, bis Sie uns zur L\u00f6schung auffordern, Ihre Einwilligung zur Speicherung widerrufen oder der Zweck f\u00fcr die Datenspeicherung entf\u00e4llt (z.B. nach abgeschlossener Bearbeitung Ihrer Anfrage). Zwingende gesetzliche Bestimmungen \u2013 insbesondere Aufbewahrungsfristen \u2013 bleiben unber\u00fchrt.<\/p>\n<h2>Ihre Rechte<\/h2>\n<strong>Das sind Ihre Rechte<\/strong><br \/>\nSie haben uns gegen\u00fcber ein Recht auf Auskunft \u00fcber die zu Ihrer Person gespeicherten Daten sowie bei Vorliegen der gesetzlichen Voraussetzungen ein Recht auf Berichtigung, L\u00f6schung oder Einschr\u00e4nkung der Verarbeitung dieser Daten. Auch k\u00f6nnen Sie der Verarbeitung Ihrer Daten widersprechen. Daneben haben Sie das Recht, sich \u00fcber die Verarbeitung personenbezogenen Daten durch uns bei einer Aufsichtsbeh\u00f6rde f\u00fcr den Datenschutz (z. B. bei der Landesbeauftragten f\u00fcr den Datenschutz Niedersachsen) zu beschweren.\n<p>Auf Ihr Verlangen stellen wir Ihnen Ihre Daten, die Sie uns bereitgestellt haben, in einem maschinenlesbaren Format zur Verf\u00fcgung, wenn wir diese Daten selbst automatisiert verarbeiten und dies aufgrund Ihrer Einwilligung oder zur Erf\u00fcllung eines Vertrages mit Ihnen geschieht.<\/p>\n<p>Eine erteilte Einwilligung zur Verarbeitung Ihrer Daten k\u00f6nnen Sie jederzeit widerrufen. Die Rechtm\u00e4\u00dfigkeit der Verarbeitung bis zum Widerruf bleibt hiervon jedoch unber\u00fchrt.<\/p>\n<strong>So k\u00f6nnen Sie die Rechte aus\u00fcben<\/strong><br \/>\nBei Fragen zum Datenschutz, zur Erhebung, Verarbeitung oder Nutzung Ihrer personenbezogenen Daten, bei Ausk\u00fcnften, Widerspruch, Berichtigung, Sperrung oder L\u00f6schung von Daten sowie Widerruf erteilter Einwilligungen wenden Sie sich bitte an:\nHaspo Sportger\u00e4te GmbH &amp; Co. KG<br \/>\nJohannisweg 23\/25<br \/>\n38723 Seesen-Rh\u00fcden<br \/>\ninfo@haspo.de\n<p>oder an den von uns beauftragten Datenschutzbeauftragten:<\/p>\nAppelhagen Consulting GmbH<br \/>\nTheodor-Heuss-Str. 5a<br \/>\n38122 Braunschweig<br \/>\ndatenschutz@it-recht-braunschweig.de\n<h2>Analyse Tools und Werbung<\/h2>\n<strong>Google Analytics<\/strong><br \/>\nDiese Website nutzt Funktionen des Webanalysedienstes Google Analytics. Anbieter ist die Google Inc., 1600 Amphitheatre Parkway, Mountain View, CA 94043, USA.\n<p>Google Analytics verwendet so genannte \u201eCookies\u201c. Das sind Textdateien, die auf Ihrem Computer gespeichert werden und die eine Analyse der Benutzung der Website durch Sie erm\u00f6glichen. Die durch das Cookie erzeugten Informationen \u00fcber Ihre Benutzung dieser Website werden in der Regel an einen Server von Google in den USA \u00fcbertragen und dort gespeichert.<\/p>\n<p>Die Speicherung von Google-Analytics-Cookies erfolgt auf Grundlage von Art. 6 Abs. 1 lit. f DSGVO. Der Websitebetreiber hat ein berechtigtes Interesse an der Analyse des Nutzerverhaltens, um sowohl sein Webangebot als auch seine Werbung zu optimieren.<\/p>\n<p><strong>IP-Anonymisierung<\/strong><\/p>\n<p>Wir haben auf dieser Website die Funktion IP-Anonymisierung aktiviert. Dadurch wird Ihre IP-Adresse von Google innerhalb von Mitgliedstaaten der Europ\u00e4ischen Union oder in anderen Vertragsstaaten des Abkommens \u00fcber den Europ\u00e4ischen Wirtschaftsraum vor der \u00dcbermittlung in die USA gek\u00fcrzt. Nur in Ausnahmef\u00e4llen wird die volle IP-Adresse an einen Server von Google in den USA \u00fcbertragen und dort gek\u00fcrzt. Im Auftrag des Betreibers dieser Website wird Google diese Informationen benutzen, um Ihre Nutzung der Website auszuwerten, um Reports \u00fcber die Websiteaktivit\u00e4ten zusammenzustellen und um weitere mit der Websitenutzung und der Internetnutzung verbundene Dienstleistungen gegen\u00fcber dem Websitebetreiber zu erbringen. Die im Rahmen von Google Analytics von Ihrem Browser \u00fcbermittelte IP-Adresse wird nicht mit anderen Daten von Google zusammengef\u00fchrt.<\/p>\n<p><strong>Browser Plugin<\/strong><\/p>\n<p>Sie k\u00f6nnen die Speicherung der Cookies durch eine entsprechende Einstellung Ihrer Browser-Software verhindern; wir weisen Sie jedoch darauf hin, dass Sie in diesem Fall gegebenenfalls nicht s\u00e4mtliche Funktionen dieser Website vollumf\u00e4nglich werden nutzen k\u00f6nnen. Sie k\u00f6nnen dar\u00fcber hinaus die Erfassung der durch das Cookie erzeugten und auf Ihre Nutzung der Website bezogenen Daten (inkl. Ihrer IP-Adresse) an Google sowie die Verarbeitung dieser Daten durch Google verhindern, indem Sie das unter dem folgenden Link verf\u00fcgbare Browser-Plug-In herunterladen und installieren: https:\/\/tools.google.com\/dlpage\/gaoptout?hl=de.<\/p>\n<p><strong>Widerspruch gegen Datenerfassung<\/strong><\/p>\n<p>Sie k\u00f6nnen die Erfassung Ihrer Daten durch Google Analytics verhindern, indem Sie auf folgenden Link klicken. Es wird ein Opt-Out-Cookie gesetzt, der die Erfassung Ihrer Daten bei zuk\u00fcnftigen Besuchen dieser Website verhindert: Google Analytics deaktivieren.<\/p>\n<p>Mehr Informationen zum Umgang mit Nutzerdaten bei Google Analytics finden Sie in der Datenschutzerkl\u00e4rung von Google: https:\/\/support.google.com\/analytics\/answer\/6004245?hl=de<\/p>\n<p><strong>Auftragsdatenverarbeitung<\/strong><\/p>\n<p>Wir haben mit Google einen Vertrag zur Auftragsdatenverarbeitung abgeschlossen und setzen die strengen Vorgaben der deutschen Datenschutzbeh\u00f6rden bei der Nutzung von Google Analytics vollst\u00e4ndig um.<\/p>\n<p><strong>Demografische Merkmale bei Google Analytics<\/strong><\/p>\n<p>Diese Website nutzt die Funktion \u201edemografische Merkmale\u201c von Google Analytics. Dadurch k\u00f6nnen Berichte erstellt werden, die Aussagen zu Alter, Geschlecht und Interessen der Seitenbesucher enthalten. Diese Daten stammen aus interessenbezogener Werbung von Google sowie aus Besucherdaten von Drittanbietern. Diese Daten k\u00f6nnen keiner bestimmten Person zugeordnet werden. Sie k\u00f6nnen diese Funktion jederzeit \u00fcber die Anzeigeneinstellungen in Ihrem Google-Konto deaktivieren oder die Erfassung Ihrer Daten durch Google Analytics wie im Punkt \u201eWiderspruch gegen Datenerfassung\u201c dargestellt generell untersagen.<\/p>\n<strong>Google Analytics Remarketing<\/strong><br \/>\nUnsere Websites nutzen die Funktionen von Google Analytics Remarketing in Verbindung mit den ger\u00e4te\u00fcbergreifenden Funktionen von Google AdWords und Google DoubleClick. Anbieter ist die Google Inc., 1600 Amphitheatre Parkway, Mountain View, CA 94043, USA.\n<p>Diese Funktion erm\u00f6glicht es die mit Google Analytics Remarketing erstellten Werbe-Zielgruppen mit den ger\u00e4te\u00fcbergreifenden Funktionen von Google AdWords und Google DoubleClick zu verkn\u00fcpfen. Auf diese Weise k\u00f6nnen interessenbezogene, personalisierte Werbebotschaften, die in Abh\u00e4ngigkeit Ihres fr\u00fcheren Nutzungs- und Surfverhaltens auf einem Endger\u00e4t (z.B. Handy) an Sie angepasst wurden auch auf einem anderen Ihrer Endger\u00e4te (z.B. Tablet oder PC) angezeigt werden.<\/p>\n<p>Haben Sie eine entsprechende Einwilligung erteilt, verkn\u00fcpft Google zu diesem Zweck Ihren Web- und App-Browserverlauf mit Ihrem Google-Konto. Auf diese Weise k\u00f6nnen auf jedem Endger\u00e4t auf dem Sie sich mit Ihrem Google-Konto anmelden, dieselben personalisierten Werbebotschaften geschaltet werden.<\/p>\n<p>Zur Unterst\u00fctzung dieser Funktion erfasst Google Analytics google-authentifizierte IDs der Nutzer, die vor\u00fcbergehend mit unseren Google-Analytics-Daten verkn\u00fcpft werden, um Zielgruppen f\u00fcr die ger\u00e4te\u00fcbergreifende Anzeigenwerbung zu definieren und zu erstellen.<\/p>\n<p>Sie k\u00f6nnen dem ger\u00e4te\u00fcbergreifenden Remarketing\/Targeting dauerhaft widersprechen, indem Sie personalisierte Werbung in Ihrem Google-Konto deaktivieren; folgen Sie hierzu diesem Link: https:\/\/www.google.com\/settings\/ads\/onweb\/<\/p>\n<p>Die Zusammenfassung der erfassten Daten in Ihrem Google-Konto erfolgt ausschlie\u00dflich auf Grundlage Ihrer Einwilligung, die Sie bei Google abgeben oder widerrufen k\u00f6nnen (Art. 6 Abs. 1 lit. a DSGVO). Bei Datenerfassungsvorg\u00e4ngen, die nicht in Ihrem Google-Konto zusammengef\u00fchrt werden (z.B. weil Sie kein Google-Konto haben oder der Zusammenf\u00fchrung widersprochen haben) beruht die Erfassung der Daten auf Art. 6 Abs. 1 lit. f DSGVO. Das berechtigte Interesse ergibt sich daraus, dass der Websitebetreiber ein Interesse an der anonymisierten Analyse der Websitebesucher zu Werbezwecken hat.<\/p>\n<p>Weitergehende Informationen und die Datenschutzbestimmungen finden Sie in der Datenschutzerkl\u00e4rung von Google unter: https:\/\/www.google.com\/policies\/technologies\/ads\/<\/p>\n<h2>Plugin und Tools<\/h2>\n<strong>YouTube<\/strong><br \/>\nUnsere Website nutzt Plugins der von Google betriebenen Seite YouTube. Betreiber der Seiten ist die YouTube, LLC, 901 Cherry Ave., San Bruno, CA 94066, USA.\n<p>Wenn Sie eine unserer mit einem YouTube-Plugin ausgestatteten Seiten besuchen, wird eine Verbindung zu den Servern von YouTube hergestellt. Dabei wird dem YouTube-Server mitgeteilt, welche unserer Seiten Sie besucht haben.<\/p>\n<p>Wenn Sie in Ihrem YouTube-Account eingeloggt sind, erm\u00f6glichen Sie YouTube, Ihr Surfverhalten direkt Ihrem pers\u00f6nlichen Profil zuzuordnen. Dies k\u00f6nnen Sie verhindern, indem Sie sich aus Ihrem YouTube-Account ausloggen.<\/p>\n<p>Die Nutzung von YouTube erfolgt im Interesse einer ansprechenden Darstellung unserer Online-Angebote. Dies stellt ein berechtigtes Interesse im Sinne von Art. 6 Abs. 1 lit. f DSGVO dar.<\/p>\n<p>Weitere Informationen zum Umgang mit Nutzerdaten finden Sie in der Datenschutzerkl\u00e4rung von YouTube unter: https:\/\/www.google.de\/intl\/de\/policies\/privacy<\/p>","protected":false},"excerpt":{"rendered":"<p>Datenschutz Datenschutz auf einen Blick Allgemeine Hinweise Der Schutz Ihrer Privatsph\u00e4re sowie der Schutz Ihrer pers\u00f6nlichen Angaben ist uns ein wichtiges Anliegen. Wir behandeln Ihre personenbezogenen Daten vertraulich und entsprechend der gesetzlichen Datenschutzvorschriften sowie dieser Datenschutzerkl\u00e4rung. Wenn Sie diese Website benutzen, werden verschiedene personenbezogene Daten erhoben. Personenbezogene Daten sind Daten, mit denen Sie pers\u00f6nlich identifiziert&hellip;<\/p>","protected":false},"author":1,"featured_media":0,"parent":0,"menu_order":0,"comment_status":"closed","ping_status":"closed","template":"","meta":{"footnotes":""},"class_list":["post-49","page","type-page","status-publish","hentry"],"_links":{"self":[{"href":"https:\/\/www.xn--haspo-sportgerte-8nb.de\/en\/wp-json\/wp\/v2\/pages\/49","targetHints":{"allow":["GET"]}}],"collection":[{"href":"https:\/\/www.xn--haspo-sportgerte-8nb.de\/en\/wp-json\/wp\/v2\/pages"}],"about":[{"href":"https:\/\/www.xn--haspo-sportgerte-8nb.de\/en\/wp-json\/wp\/v2\/types\/page"}],"author":[{"embeddable":true,"href":"https:\/\/www.xn--haspo-sportgerte-8nb.de\/en\/wp-json\/wp\/v2\/users\/1"}],"replies":[{"embeddable":true,"href":"https:\/\/www.xn--haspo-sportgerte-8nb.de\/en\/wp-json\/wp\/v2\/comments?post=49"}],"version-history":[{"count":5,"href":"https:\/\/www.xn--haspo-sportgerte-8nb.de\/en\/wp-json\/wp\/v2\/pages\/49\/revisions"}],"predecessor-version":[{"id":440,"href":"https:\/\/www.xn--haspo-sportgerte-8nb.de\/en\/wp-json\/wp\/v2\/pages\/49\/revisions\/440"}],"wp:attachment":[{"href":"https:\/\/www.xn--haspo-sportgerte-8nb.de\/en\/wp-json\/wp\/v2\/media?parent=49"}],"curies":[{"name":"wp","href":"https:\/\/api.w.org\/{rel}","templated":true}]}}