{"id":47,"date":"2021-04-18T18:36:02","date_gmt":"2021-04-18T16:36:02","guid":{"rendered":"https:\/\/www.xn--haspo-sportgerte-8nb.de\/?page_id=47"},"modified":"2021-04-20T18:42:45","modified_gmt":"2021-04-20T16:42:45","slug":"impressum","status":"publish","type":"page","link":"https:\/\/www.xn--haspo-sportgerte-8nb.de\/en\/impressum\/","title":{"rendered":"Imprint"},"content":{"rendered":"<h1>Imprint<\/h1>\n<p>Haspo Sportger\u00e4te GmbH &#038; Co. KG<\/p>\nJohannisweg 23\/25, 38723 Seesen-Rh\u00fcden<br \/>\nDeutschland\nTel. +49 [0] 53 84-96 97 50<br \/>\nFax +49 [0] 53 84-96 97 567\ninfo@haspo.de<br \/>\nwww.haspo.de\nHaspo Sportger\u00e4te GmbH &#038; Co. KG<br \/>\nOffice: Seesen-Rh\u00fcden<br \/>\nAG Braunschweig HRA 110731<br \/>\nUSTID-Nr. DE 114768003\nPers\u00f6nlich haftender Gesellschafter<br \/>\nHaspo Sportger\u00e4te GmbH<br \/>\nOffice: Seesen-Rh\u00fcden<br \/>\nAG Braunschweig HRB 110900<br \/>\nGesch\u00e4ftsf\u00fchrer: Steffan Lawes\nBraunschweigische Landessparkasse<br \/>\nIBAN DE 69 2505 0000 0021 6486 70<br \/>\nBIC NOLADE2HXXX","protected":false},"excerpt":{"rendered":"<p>Impressum Haspo Sportger\u00e4te GmbH &#038; Co. KG Johannisweg 23\/25, 38723 Seesen-Rh\u00fcden Deutschland Tel. +49 [0] 53 84-96 97 50 Fax +49 [0] 53 84-96 97 567 info@haspo.de www.haspo.de Haspo Sportger\u00e4te GmbH &#038; Co. KG Sitz: Seesen-Rh\u00fcden AG Braunschweig HRA 110731 USTID-Nr. DE 114768003 Pers\u00f6nlich haftender Gesellschafter Haspo Sportger\u00e4te GmbH Sitz: Seesen-Rh\u00fcden AG Braunschweig HRB 110900&hellip;<\/p>","protected":false},"author":1,"featured_media":0,"parent":0,"menu_order":0,"comment_status":"closed","ping_status":"closed","template":"","meta":{"footnotes":""},"class_list":["post-47","page","type-page","status-publish","hentry"],"_links":{"self":[{"href":"https:\/\/www.xn--haspo-sportgerte-8nb.de\/en\/wp-json\/wp\/v2\/pages\/47","targetHints":{"allow":["GET"]}}],"collection":[{"href":"https:\/\/www.xn--haspo-sportgerte-8nb.de\/en\/wp-json\/wp\/v2\/pages"}],"about":[{"href":"https:\/\/www.xn--haspo-sportgerte-8nb.de\/en\/wp-json\/wp\/v2\/types\/page"}],"author":[{"embeddable":true,"href":"https:\/\/www.xn--haspo-sportgerte-8nb.de\/en\/wp-json\/wp\/v2\/users\/1"}],"replies":[{"embeddable":true,"href":"https:\/\/www.xn--haspo-sportgerte-8nb.de\/en\/wp-json\/wp\/v2\/comments?post=47"}],"version-history":[{"count":4,"href":"https:\/\/www.xn--haspo-sportgerte-8nb.de\/en\/wp-json\/wp\/v2\/pages\/47\/revisions"}],"predecessor-version":[{"id":436,"href":"https:\/\/www.xn--haspo-sportgerte-8nb.de\/en\/wp-json\/wp\/v2\/pages\/47\/revisions\/436"}],"wp:attachment":[{"href":"https:\/\/www.xn--haspo-sportgerte-8nb.de\/en\/wp-json\/wp\/v2\/media?parent=47"}],"curies":[{"name":"wp","href":"https:\/\/api.w.org\/{rel}","templated":true}]}}