{"id":37,"date":"2021-04-18T18:34:28","date_gmt":"2021-04-18T16:34:28","guid":{"rendered":"https:\/\/www.xn--haspo-sportgerte-8nb.de\/?page_id=37"},"modified":"2025-06-23T09:31:38","modified_gmt":"2025-06-23T07:31:38","slug":"katalog","status":"publish","type":"page","link":"https:\/\/www.xn--haspo-sportgerte-8nb.de\/en\/katalog\/","title":{"rendered":"Catalogue"},"content":{"rendered":"<h1>Our catalogue<\/h1>\r\n\t\t\t\t<img loading=\"lazy\" decoding=\"async\" src=\"https:\/\/www.haspo-sportger\u00e4te.de\/wp-content\/uploads\/cover-2025-en.jpg\" alt=\"cover-2025-de\" itemprop=\"image\" height=\"300\" width=\"215\" title=\"cover-2025-de\" onerror=\"this.style.display='none'\"  \/>\r\n\t<p><b><strong>The new 2025\/2027 catalog for sporting-goods retailers is here!<\/strong><\/b><\/p>\r\n<p>Get a quick overview of our complete range of products by leafing through our catalogue.<\/p>\r\n\t\t\t<a href=\"\/haspo-katalog\/index_en.html\" target=\"_blank\" role=\"button\" rel=\"noopener\" >\r\n\t\t\t\t\t\t\tRead the catalogue here!\r\n\t\t\t<\/a>\r\n\t\t\t<a href=\"\/wp-content\/uploads\/katalog\/HAS_Katalog_2025_en_online.pdf\" target=\"_blank\" role=\"button\" rel=\"noopener\" >\r\n\t\t\t\t\t\t\tDownload PDF\r\n\t\t\t<\/a>","protected":false},"excerpt":{"rendered":"<p>Unser Katalog Der neue Katalog 2025 \/ 2027 f\u00fcr den Sportfachhandel ist da! Verschaffen Sie sich mittels unseres bl\u00e4tterbaren Katalog einen schnellen \u00dcberblick \u00fcber unser gesamtes Produktsortiment. Direkt im Katalog bl\u00e4ttern Download als PDF<\/p>","protected":false},"author":1,"featured_media":0,"parent":0,"menu_order":0,"comment_status":"closed","ping_status":"closed","template":"","meta":{"footnotes":""},"class_list":["post-37","page","type-page","status-publish","hentry"],"_links":{"self":[{"href":"https:\/\/www.xn--haspo-sportgerte-8nb.de\/en\/wp-json\/wp\/v2\/pages\/37","targetHints":{"allow":["GET"]}}],"collection":[{"href":"https:\/\/www.xn--haspo-sportgerte-8nb.de\/en\/wp-json\/wp\/v2\/pages"}],"about":[{"href":"https:\/\/www.xn--haspo-sportgerte-8nb.de\/en\/wp-json\/wp\/v2\/types\/page"}],"author":[{"embeddable":true,"href":"https:\/\/www.xn--haspo-sportgerte-8nb.de\/en\/wp-json\/wp\/v2\/users\/1"}],"replies":[{"embeddable":true,"href":"https:\/\/www.xn--haspo-sportgerte-8nb.de\/en\/wp-json\/wp\/v2\/comments?post=37"}],"version-history":[{"count":29,"href":"https:\/\/www.xn--haspo-sportgerte-8nb.de\/en\/wp-json\/wp\/v2\/pages\/37\/revisions"}],"predecessor-version":[{"id":654,"href":"https:\/\/www.xn--haspo-sportgerte-8nb.de\/en\/wp-json\/wp\/v2\/pages\/37\/revisions\/654"}],"wp:attachment":[{"href":"https:\/\/www.xn--haspo-sportgerte-8nb.de\/en\/wp-json\/wp\/v2\/media?parent=37"}],"curies":[{"name":"wp","href":"https:\/\/api.w.org\/{rel}","templated":true}]}}