{"id":196,"date":"2021-04-19T20:22:40","date_gmt":"2021-04-19T18:22:40","guid":{"rendered":"https:\/\/www.xn--haspo-sportgerte-8nb.de\/?page_id=196"},"modified":"2025-07-02T22:20:57","modified_gmt":"2025-07-02T20:20:57","slug":"unternehmen","status":"publish","type":"page","link":"https:\/\/www.xn--haspo-sportgerte-8nb.de\/en\/","title":{"rendered":"Company"},"content":{"rendered":"<p>Sports equipment made in Germany.<\/p>\n\t<h2>We make the goal!<\/h2>\n<p><strong><strong>\u2026 and we have done so for more than 50 years now<\/strong><\/strong><\/p>\n<p>As the leading manufacturer of aluminium sports equipment in Europe, Haspo Sportger\u00e4te\nis now entering its 50th year. <\/p>\n<p>We develop sports equipment with special features. The name Haspo stands for quality\nand reliability. <\/p>\n<strong><strong>Sports equipment made in Germany<\/strong> <\/strong><br \/>\nWir arbeiten st\u00e4ndig an der Verbesserung, Weiter- und Neuentwicklung unserer Produkte. So ist es m\u00f6glich, Sportger\u00e4te auf h\u00f6chstem Niveau herzustellen. Dies gelingt uns durch den Einsatz hochwertiger Materialien und qualifizierter Arbeitskr\u00e4fte am Standort Deutschland. Dies bringen wir auch durch die Verwendung des Logos \u203a\u203aSports made in Germany\u2039\u2039, welches vom Bundesverband der Deutschen Sportartikel-Industrie e. V. (BSI) eingef\u00fchrt wurde, zum Ausdruck. \n<strong>Produktsicherheit, Qualit\u00e4t und Zertifizierung<\/strong><br \/>\nQualit\u00e4t und Zuverl\u00e4ssigkeit stehen bei unseren Produkten genauso im Vordergrund, wie Produktsicherheit, Funktionalit\u00e4t und die Minimierung von Risiken f\u00fcr den Nutzer. Aus diesem Grund lassen wir fast alle Produkte durch ein unabh\u00e4ngiges Zertifizierungsinstitut nach den jeweils aktuellen produktspezifischen Normen pr\u00fcfen und zertifizieren. Die Produkte werden dabei regelm\u00e4\u00dfig auf mechanische Sicherheit, Funktionalit\u00e4t, Stabilit\u00e4t, Belastbarkeit und viele weitere Eigenschaften gepr\u00fcft, so wie es die jeweilige Produktnorm fordert. Dieser Zertifizierungsprozess beinhaltet auch eine kontinuierliche \u00dcberwachung unserer Qualit\u00e4tsstandards durch j\u00e4hrliche Fertigst\u00e4ttenkontrollen. Der jeweiligen Artikelbeschreibung in diesem Katalog ist zu entnehmen, nach welcher Norm das entsprechende Produkt zertifiziert ist. Bei Bedarf kann das ben\u00f6tigte Zertifikat gerne bei uns angefordert werden. Selbstverst\u00e4ndlich entsprechen unsere Produkte auch allen Vorgaben der jeweiligen Sportverb\u00e4nde. \n<p>Our assembly instructions have a modern design and are bilingual. Each assembly step is\nclearly formulated and additionally illustrated by photos and sketches. <\/p>\n<p>We keep all products for our clients in the warehouse. This allows us to guarantee quick\ndelivery. <\/p>\n<p>We are an efficient, reliable and fair partner who guarantees a sales concept geared\ntoward speciality stores. <\/p>\n<p>We look forward to close collaboration.<\/p>\n\t\t\t\t<img loading=\"lazy\" decoding=\"async\" src=\"https:\/\/www.xn--haspo-sportgerte-8nb.de\/wp-content\/uploads\/thumb_187_default_big-1.jpeg\" alt=\"thumb_187_default_big\" itemprop=\"image\" height=\"809\" width=\"1170\" title=\"thumb_187_default_big\" onerror=\"this.style.display='none'\"  \/>","protected":false},"excerpt":{"rendered":"<p>Sportger\u00e4te produziert in Deutschland. Wir machen das Tor! Seit fast 50 Jahren Als f\u00fchrender Hersteller von Sportger\u00e4ten aus Aluminium in Europa gehen wir mit unserer Firma Haspo Sportger\u00e4te in das 50. Jahr unseres Bestehens. Mit der Entwicklung unserer Sportger\u00e4te setzen wir Akzente. Der Name Haspo steht f\u00fcr Qualit\u00e4t und Zuverl\u00e4ssigkeit. Sportger\u00e4te produziert in Deutschland Wir&hellip;<\/p>","protected":false},"author":1,"featured_media":0,"parent":0,"menu_order":0,"comment_status":"closed","ping_status":"closed","template":"","meta":{"footnotes":""},"class_list":["post-196","page","type-page","status-publish","hentry"],"_links":{"self":[{"href":"https:\/\/www.xn--haspo-sportgerte-8nb.de\/en\/wp-json\/wp\/v2\/pages\/196","targetHints":{"allow":["GET"]}}],"collection":[{"href":"https:\/\/www.xn--haspo-sportgerte-8nb.de\/en\/wp-json\/wp\/v2\/pages"}],"about":[{"href":"https:\/\/www.xn--haspo-sportgerte-8nb.de\/en\/wp-json\/wp\/v2\/types\/page"}],"author":[{"embeddable":true,"href":"https:\/\/www.xn--haspo-sportgerte-8nb.de\/en\/wp-json\/wp\/v2\/users\/1"}],"replies":[{"embeddable":true,"href":"https:\/\/www.xn--haspo-sportgerte-8nb.de\/en\/wp-json\/wp\/v2\/comments?post=196"}],"version-history":[{"count":53,"href":"https:\/\/www.xn--haspo-sportgerte-8nb.de\/en\/wp-json\/wp\/v2\/pages\/196\/revisions"}],"predecessor-version":[{"id":679,"href":"https:\/\/www.xn--haspo-sportgerte-8nb.de\/en\/wp-json\/wp\/v2\/pages\/196\/revisions\/679"}],"wp:attachment":[{"href":"https:\/\/www.xn--haspo-sportgerte-8nb.de\/en\/wp-json\/wp\/v2\/media?parent=196"}],"curies":[{"name":"wp","href":"https:\/\/api.w.org\/{rel}","templated":true}]}}